{"id":21,"date":"2016-06-20T14:10:20","date_gmt":"2016-06-20T14:10:20","guid":{"rendered":"http:\/\/afraat.ca\/fr\/?page_id=21"},"modified":"2023-10-30T11:16:45","modified_gmt":"2023-10-30T15:16:45","slug":"consultation-policy","status":"publish","type":"page","link":"https:\/\/afraat.ca\/fr\/accountability-documents\/consultation-policy\/","title":{"rendered":"Politique en mati\u00e8re de consultation"},"content":{"rendered":"<h6><a href=\"https:\/\/afraat.ca\/accountability-documents\/consultation-policy\/\">English<\/a><\/h6>\n<p>Lorsqu\u2019il envisage d\u2019apporter des changements importants \u00e0 ses r\u00e8gles ou politiques, le Tribunal d\u2019appel de l\u2019agriculture, de l\u2019alimentation et des affaires rurales &#8211; \u00a0Commission de n\u00e9gociation (le \u00ab Tribunal \u00bb) consulte les personnes ou les entit\u00e9s, ou les groupes de personnes ou d\u2019entit\u00e9s, dont les int\u00e9r\u00eats seront touch\u00e9s par ces changements, si le pr\u00e9sident du Tribunal juge appropri\u00e9 de le faire.<\/p>\n<p>Lorsqu\u2019il consulte les personnes ou entit\u00e9s, ou les groupes de personnes ou d\u2019entit\u00e9s, sur ces questions, le Tribunal le fait de fa\u00e7on \u00e0 recevoir une r\u00e9troaction des personnes ou entit\u00e9s concern\u00e9es.<\/p>\n<hr \/>\n<p>Pour plus de renseignements :<br \/>\nSans frais : 1 888 466-2372 poste 519 826-3433<br \/>\nLocal : 519 826-3433<br \/>\nCourriel : <a href=\"mailto:AFRAAT@ontario.ca\">AFRAAT@ontario.ca<\/a><\/p>\n<p>this page is available in English<\/p>\n","protected":false},"excerpt":{"rendered":"<p>English Lorsqu\u2019il envisage d\u2019apporter des changements importants \u00e0 ses r\u00e8gles ou politiques, le Tribunal d\u2019appel de l\u2019agriculture, de l\u2019alimentation et des affaires rurales &#8211; \u00a0Commission de n\u00e9gociation (le \u00ab Tribunal \u00bb) consulte les personnes ou les entit\u00e9s, ou les groupes&#8230; <a href=\"https:\/\/afraat.ca\/fr\/accountability-documents\/consultation-policy\/\" class=\"readmore\">Read more<span class=\"screen-reader-text\">Politique en mati\u00e8re de consultation<\/span><span class=\"fa fa-angle-double-right\" aria-hidden=\"true\"><\/span><\/a><\/p>\n","protected":false},"author":1,"featured_media":0,"parent":227,"menu_order":0,"comment_status":"closed","ping_status":"closed","template":"","meta":{"footnotes":""},"class_list":["post-21","page","type-page","status-publish","hentry"],"jetpack_sharing_enabled":true,"jetpack_shortlink":"https:\/\/wp.me\/PbG2VG-l","jetpack-related-posts":[{"id":252,"url":"https:\/\/afraat.ca\/fr\/accessibility\/tribunal-accessibility-policy\/","url_meta":{"origin":21,"position":0},"title":"Politiques, pratiques et proc\u00e9dures en mati\u00e8res d&#8217;accessibilit\u00e9 du tribunal d&#8217;appel","author":"admin","date":"June 21, 2016","format":false,"excerpt":"English Table des Matieres Contexte Section 1 - Services \u00e0 la client\u00e8le Politique sur la prestation de services aux personnes handicap\u00e9es Renseignements g\u00e9n\u00e9raux Installations Accessibilit\u00e9 des renseignements Utilisation d'appareils ou accessoires fonctionnels Recours \u00e0 un animal d'assistance ou \u00e0 une personne de soutien Animaux d'assistance Personnes de soutien 7.Avis de\u2026","rel":"","context":"Similar post","block_context":{"text":"Similar post","link":""},"img":{"alt_text":"","src":"","width":0,"height":0},"classes":[]},{"id":34,"url":"https:\/\/afraat.ca\/fr\/accountability-documents\/service-standard-policy\/","url_meta":{"origin":21,"position":1},"title":"Politique sur les normes de services","author":"admin","date":"June 20, 2016","format":false,"excerpt":"English Introduction Le Tribunal d\u2019appel de l\u2019agriculture, de l\u2019alimentation et des affaires rurales (le Tribunal) est un tribunal d\u2019arbitrage quasi judiciaire dont le mandat est d\u2019offrir un processus d\u2019audience et de d\u00e9cision juste et impartial pour toutes les personnes qui sont l\u00e9s\u00e9es par une directive, une politique, une ordonnance ou\u2026","rel":"","context":"Similar post","block_context":{"text":"Similar post","link":""},"img":{"alt_text":"","src":"","width":0,"height":0},"classes":[]},{"id":450,"url":"https:\/\/afraat.ca\/fr\/about\/what-is-the-appeal-tribunal\/","url_meta":{"origin":21,"position":2},"title":"Ce qu\u2019est le Tribunal","author":"admin","date":"June 23, 2016","format":false,"excerpt":"English Table des mati\u00e8res Introduction Coordonn\u00e9es du tribunal d\u2019appel Soutien administratif 1.\u00a0Introduction Le Tribunal d\u2019appel de l\u2019agriculture, de l\u2019alimentation et des affaires rurales (tribunal) est un organisme d\u2019appel quasi judiciaire ind\u00e9pendant qui a pour fonction d\u2019instruire les appels concernant des questions en rapport avec l\u2019agriculture et l\u2019industrie alimentaire. Les membres\u2026","rel":"","context":"Similar post","block_context":{"text":"Similar post","link":""},"img":{"alt_text":"","src":"","width":0,"height":0},"classes":[]},{"id":27,"url":"https:\/\/afraat.ca\/fr\/accountability-documents\/mandate-mission-statement\/","url_meta":{"origin":21,"position":3},"title":"Mandat et mission","author":"admin","date":"June 20, 2016","format":false,"excerpt":"English Tribunal d'appel de l'agriculture, de l'alimentation et des affaires rurales (le Tribunal) Mandat Constitu\u00e9 en vertu de l'article 14 de la Loi sur le minist\u00e8re de l'Agriculture, de l'Alimentation et des Affaires rurales, le Tribunal a pour mandat d'offrir un processus d'appel ind\u00e9pendant et accessible afin que soient entendues\u2026","rel":"","context":"Similar post","block_context":{"text":"Similar post","link":""},"img":{"alt_text":"","src":"","width":0,"height":0},"classes":[]},{"id":2,"url":"https:\/\/afraat.ca\/fr\/about\/","url_meta":{"origin":21,"position":4},"title":"\u00c0 propos","author":"admin","date":"June 17, 2016","format":false,"excerpt":"English Liens Que sont le Tribunal Liste des membres du Tribunal Tribunal d'appel de l'agriculture, de l'alimentation et des affaires rurales (le Tribunal) Mandat Constitu\u00e9 en vertu de l'article 14 de la Loi sur le minist\u00e8re de l'Agriculture, de l'Alimentation et des Affaires rurales, le Tribunal a pour mandat d'offrir\u2026","rel":"","context":"Similar post","block_context":{"text":"Similar post","link":""},"img":{"alt_text":"","src":"","width":0,"height":0},"classes":[]},{"id":334,"url":"https:\/\/afraat.ca\/fr\/feedback\/","url_meta":{"origin":21,"position":5},"title":"Commentaires","author":"admin","date":"June 21, 2016","format":false,"excerpt":"English Nous cherchons toujours \u00e0 am\u00e9liorer notre site Web et nous accueillerons avec plaisir vos observations et vos questions. Si vous d\u00e9sirez recevoir une r\u00e9ponse, veuillez fournir une adresse postale valide ou une adresse valide aux fins du courrier \u00e9lectronique, car la r\u00e9ponse vous parviendra sous l'une ou l'autre forme.\u2026","rel":"","context":"Similar post","block_context":{"text":"Similar post","link":""},"img":{"alt_text":"","src":"","width":0,"height":0},"classes":[]}],"_links":{"self":[{"href":"https:\/\/afraat.ca\/fr\/wp-json\/wp\/v2\/pages\/21","targetHints":{"allow":["GET"]}}],"collection":[{"href":"https:\/\/afraat.ca\/fr\/wp-json\/wp\/v2\/pages"}],"about":[{"href":"https:\/\/afraat.ca\/fr\/wp-json\/wp\/v2\/types\/page"}],"author":[{"embeddable":true,"href":"https:\/\/afraat.ca\/fr\/wp-json\/wp\/v2\/users\/1"}],"replies":[{"embeddable":true,"href":"https:\/\/afraat.ca\/fr\/wp-json\/wp\/v2\/comments?post=21"}],"version-history":[{"count":15,"href":"https:\/\/afraat.ca\/fr\/wp-json\/wp\/v2\/pages\/21\/revisions"}],"predecessor-version":[{"id":2449,"href":"https:\/\/afraat.ca\/fr\/wp-json\/wp\/v2\/pages\/21\/revisions\/2449"}],"up":[{"embeddable":true,"href":"https:\/\/afraat.ca\/fr\/wp-json\/wp\/v2\/pages\/227"}],"wp:attachment":[{"href":"https:\/\/afraat.ca\/fr\/wp-json\/wp\/v2\/media?parent=21"}],"curies":[{"name":"wp","href":"https:\/\/api.w.org\/{rel}","templated":true}]}}