{"id":227,"date":"2016-06-21T14:25:43","date_gmt":"2016-06-21T14:25:43","guid":{"rendered":"http:\/\/afraat.ca\/fr\/?page_id=227"},"modified":"2025-12-11T08:41:34","modified_gmt":"2025-12-11T13:41:34","slug":"accountability-documents","status":"publish","type":"page","link":"https:\/\/afraat.ca\/fr\/accountability-documents\/","title":{"rendered":"Responsabilisation"},"content":{"rendered":"<h2><span style=\"color: #a9594e;\">Documents de responsabilisation en mati\u00e8re de gouvernance<\/span><\/h2>\n<ul>\n<li><a href=\"http:\/\/afraat.ca\/fr\/about\/annual-reports\/\"><strong><span style=\"color: #2c641f;\">Rapports annuels<\/span><\/strong><\/a><\/li>\n<li><a href=\"http:\/\/afraat.ca\/fr\/about\/memorandum-of-understanding\/\"><strong><span style=\"color: #2c641f;\">Protocole d&#8217;entente<\/span><\/strong><\/a><\/li>\n<li><strong><span style=\"color: #2c641f;\"><a style=\"color: #2c641f;\" href=\"http:\/\/afraat.ca\/fr\/accountability-documents\/business-plans\/\">Plan d&#8217;activit\u00e9s<\/a><\/span><\/strong><\/li>\n<li><a href=\"https:\/\/afraat.ca\/fr\/divulgation-publique-des-depenses\/\"><strong><span style=\"color: #2c641f;\">Divulgation publique des d\u00e9penses<\/span><\/strong><\/a><\/li>\n<\/ul>\n<h2><span style=\"color: #a9594e;\">Documents de responsabilisation \u00e0 l\u2019\u00e9gard du public<\/span><\/h2>\n<ul>\n<li><span style=\"color: #2c641f;\"><strong><a style=\"color: #2c641f;\" href=\"http:\/\/afraat.ca\/fr\/about\/code-of-conduct\/\">Code de conduite<\/a><\/strong><\/span><\/li>\n<li><a href=\"http:\/\/afraat.ca\/fr\/about\/consultation-policy\/\"><strong><span style=\"color: #2c641f;\">Politique en mati\u00e8re de consultation<\/span><\/strong><\/a><\/li>\n<li><span style=\"color: #2c641f;\"><strong><a style=\"color: #2c641f;\" href=\"http:\/\/afraat.ca\/fr\/about\/ethics-plan\/\">Plan d&#8217;\u00e9thique<\/a><\/strong><\/span><\/li>\n<li><span style=\"color: #2c641f;\"><strong><a style=\"color: #2c641f;\" href=\"http:\/\/afraat.ca\/fr\/accountability-documents\/mandate-mission-statement\/\">Mandat et Mission<\/a><\/strong><\/span><\/li>\n<li><a href=\"http:\/\/afraat.ca\/fr\/about\/member-accountability-framework\/\"><strong><span style=\"color: #2c641f;\">Cadre de responsabilisatin des membres<\/span><\/strong><\/a><\/li>\n<li><span style=\"color: #2c641f;\"><strong><a style=\"color: #2c641f;\" href=\"http:\/\/afraat.ca\/fr\/about\/service-standard-policy\/\">Politique sur les normes de services<\/a><\/strong><\/span><\/li>\n<\/ul>\n<hr \/>\n<p>Pour plus de renseignements :<br \/>\nSans frais : 1 877-424-1300<br \/>\nLocal : 519 826-3433<br \/>\nCourriel : <a href=\"mailto:AFRAAT@ontario.ca\">AFRAAT@ontario.ca<\/a><\/p>\n<h6>This page is also available in <a href=\"https:\/\/afraat.ca\/accountability-documents\/public-disclosure-of-expenses\/\">English<\/a>.<\/h6>\n","protected":false},"excerpt":{"rendered":"<p>Documents de responsabilisation en mati\u00e8re de gouvernance Rapports annuels Protocole d&#8217;entente Plan d&#8217;activit\u00e9s Divulgation publique des d\u00e9penses Documents de responsabilisation \u00e0 l\u2019\u00e9gard du public Code de conduite Politique en mati\u00e8re de consultation Plan d&#8217;\u00e9thique Mandat et Mission Cadre de responsabilisatin&#8230; <a href=\"https:\/\/afraat.ca\/fr\/accountability-documents\/\" class=\"readmore\">Read more<span class=\"screen-reader-text\">Responsabilisation<\/span><span class=\"fa fa-angle-double-right\" aria-hidden=\"true\"><\/span><\/a><\/p>\n","protected":false},"author":1,"featured_media":0,"parent":0,"menu_order":0,"comment_status":"closed","ping_status":"closed","template":"","meta":{"footnotes":""},"class_list":["post-227","page","type-page","status-publish","hentry"],"jetpack_sharing_enabled":true,"jetpack_shortlink":"https:\/\/wp.me\/PbG2VG-3F","jetpack-related-posts":[{"id":83,"url":"https:\/\/afraat.ca\/fr\/accountability-documents\/business-plan-2015-2018\/","url_meta":{"origin":227,"position":0},"title":"Plan d&#8217;activit\u00e9s 2015-2018","author":"admin","date":"June 20, 2016","format":false,"excerpt":"English Table des mati\u00e8res \u00a0Sommaire Mandat et \u00e9nonc\u00e9 de mission Valeurs et principes directeurs Liste sp\u00e9ciale de membres en vertu de la\u00a0Loi de 2002 sur la protection des employ\u00e9s agricoles Aper\u00e7u des activit\u00e9s et programmes actuels et futurs Orientations strat\u00e9giques Ressources requises Strat\u00e9gies d'identification, d'\u00e9valuation et de r\u00e9duction des risques\u2026","rel":"","context":"Similar post","block_context":{"text":"Similar post","link":""},"img":{"alt_text":"","src":"","width":0,"height":0},"classes":[]},{"id":519,"url":"https:\/\/afraat.ca\/fr\/accountability-documents\/business-plan-2016-19\/","url_meta":{"origin":227,"position":1},"title":"Plan d&#8217;activit\u00e9s 2016-2019","author":"admin","date":"July 6, 2016","format":false,"excerpt":"English T\u00e9l\u00e9charger le PDF Table des mati\u00e8res \u00a0Sommaire Mandat et \u00e9nonc\u00e9 de mission Liste sp\u00e9ciale de membres en vertu de la\u00a0Loi de 2002 sur la protection des employ\u00e9s Valeurs et principes directeurs Programmes et activit\u00e9s Ressources requises Strat\u00e9gies d'identification, d'\u00e9valuation et de r\u00e9duction des risques Analyse de la conjoncture Ressources\u2026","rel":"","context":"Similar post","block_context":{"text":"Similar post","link":""},"img":{"alt_text":"","src":"","width":0,"height":0},"classes":[]},{"id":2003,"url":"https:\/\/afraat.ca\/fr\/accountability-documents\/plan-dactivites-2017-2020\/","url_meta":{"origin":227,"position":2},"title":"Plan d\u2019activit\u00e9s 2017-2020","author":"admin","date":"March 3, 2022","format":false,"excerpt":"English Table des mati\u00e8res Sommaire. 1 Tribunal d\u2019appel de l\u2019agriculture, de l\u2019alimentation et des affaires rurales. 1 Commission de n\u00e9gociation (CN) 2 Valeurs et principes directeurs. 2 Ressources humaines. 3 Analyse de la conjoncture. 4 Ressources requises pour satisfaire les orientations strat\u00e9giques. 8 Mesures du rendement 8 R\u00e9sultats attendus. 8\u2026","rel":"","context":"Similar post","block_context":{"text":"Similar post","link":""},"img":{"alt_text":"","src":"","width":0,"height":0},"classes":[]},{"id":24,"url":"https:\/\/afraat.ca\/fr\/accountability-documents\/ethics-plan\/","url_meta":{"origin":227,"position":3},"title":"Plan d&#8217;\u00e9thique","author":"admin","date":"June 20, 2016","format":false,"excerpt":"English Contexte Le pr\u00e9sent plan d\u2019\u00e9thique a \u00e9t\u00e9 pr\u00e9par\u00e9 conform\u00e9ment au R\u00e8gl. de l\u2019Ont.\u00a091\/11 pris en application de la Loi de 2009 sur la responsabilisation et la gouvernance des tribunaux d\u00e9cisionnels et les nominations \u00e0 ces tribunaux.\u00a0 Aux termes du R\u00e8gl. de l\u2019Ont. 91\/11, le plan d\u2019\u00e9thique exig\u00e9 par le\u2026","rel":"","context":"Similar post","block_context":{"text":"Similar post","link":""},"img":{"alt_text":"","src":"","width":0,"height":0},"classes":[]},{"id":2787,"url":"https:\/\/afraat.ca\/fr\/accountability-documents\/business-plans\/plan-dactivites-2024-a-2027\/","url_meta":{"origin":227,"position":4},"title":"Plan d\u2019activit\u00e9s 2024 \u00e0 2027","author":"admin","date":"April 15, 2024","format":false,"excerpt":"Table des mati\u00e8res TRIBUNAL D\u2019APPEL DE L\u2019AGRICULTURE, DE L\u2019ALIMENTATION ET DES AFFAIRES RURALES\u00a0 1 Plan d\u2019activit\u00e9s 2024 \u00e0 2027. 1 R\u00e9sum\u00e9. 1 Tribunal d\u2019appel de l\u2019agriculture, de l\u2019alimentation et des affaires rurales. 1 Mandat du Tribunal 1 \u00c9nonc\u00e9 de mission du Tribunal 1 Valeurs et principes directeurs. 1 Le Tribunal\u2026","rel":"","context":"Similar post","block_context":{"text":"Similar post","link":""},"img":{"alt_text":"","src":"","width":0,"height":0},"classes":[]},{"id":3073,"url":"https:\/\/afraat.ca\/fr\/accountability-documents\/business-plans\/plan-dactivites-2025-a-2028-2\/","url_meta":{"origin":227,"position":5},"title":"Plan d\u2019activit\u00e9s 2025 \u00e0 2028","author":"admin","date":"June 4, 2025","format":false,"excerpt":"TABLE DES MATI\u00c8RES R\u00c9SUM\u00c9 VUE D\u2019ENSEMBLE ET MANDAT DU TRIBUNAL ANALYSE DE LA CONJONCTURE ET GESTION DES RISQUES DE L\u2019ORGANISME ENGAGEMENTS ET \u00c9L\u00c9MENTS PRINCIPAUX DES STRAT\u00c9GIES POUR 2025 \u00c0 2028 RESSOURCES HUMAINES. OBJECTIFS ET MESURES DE RENDEMENT BUDGET FINANCIER TECHNOLOGIES DE L\u2019INFORMATION ET INTELLIGENCE ARTIFICIELLE PLAN DE COMMUNICATION \u00a0 R\u00c9SUM\u00c9\u2026","rel":"","context":"Similar post","block_context":{"text":"Similar post","link":""},"img":{"alt_text":"","src":"","width":0,"height":0},"classes":[]}],"_links":{"self":[{"href":"https:\/\/afraat.ca\/fr\/wp-json\/wp\/v2\/pages\/227","targetHints":{"allow":["GET"]}}],"collection":[{"href":"https:\/\/afraat.ca\/fr\/wp-json\/wp\/v2\/pages"}],"about":[{"href":"https:\/\/afraat.ca\/fr\/wp-json\/wp\/v2\/types\/page"}],"author":[{"embeddable":true,"href":"https:\/\/afraat.ca\/fr\/wp-json\/wp\/v2\/users\/1"}],"replies":[{"embeddable":true,"href":"https:\/\/afraat.ca\/fr\/wp-json\/wp\/v2\/comments?post=227"}],"version-history":[{"count":17,"href":"https:\/\/afraat.ca\/fr\/wp-json\/wp\/v2\/pages\/227\/revisions"}],"predecessor-version":[{"id":3214,"href":"https:\/\/afraat.ca\/fr\/wp-json\/wp\/v2\/pages\/227\/revisions\/3214"}],"wp:attachment":[{"href":"https:\/\/afraat.ca\/fr\/wp-json\/wp\/v2\/media?parent=227"}],"curies":[{"name":"wp","href":"https:\/\/api.w.org\/{rel}","templated":true}]}}