{"id":239,"date":"2016-06-21T14:42:13","date_gmt":"2016-06-21T14:42:13","guid":{"rendered":"http:\/\/afraat.ca\/fr\/?page_id=239"},"modified":"2025-12-11T08:40:55","modified_gmt":"2025-12-11T13:40:55","slug":"appeal-process","status":"publish","type":"page","link":"https:\/\/afraat.ca\/fr\/appeal-process\/","title":{"rendered":"Proc\u00e9dure d&#8217;appel"},"content":{"rendered":"<h6><a href=\"https:\/\/afraat.ca\/appeal-process\/\">English<\/a><\/h6>\n<h2><span style=\"color: #a9594e;\">Liens<\/span><\/h2>\n<ul>\n<li><strong><span style=\"color: #698895;\"><a style=\"color: #698895;\" href=\"http:\/\/afraat.ca\/fr\/appeal-process\/regles-de-procedure\/\">R\u00e8gles de Proc\u00e9dure<\/a><\/span><\/strong><\/li>\n<li><strong><span style=\"color: #698895;\"><a style=\"color: #698895;\" href=\"http:\/\/afraat.ca\/fr\/appeal-process\/tribunal-decisions\/\">D\u00e9cisions r\u00e9centes<\/a><\/span><\/strong><\/li>\n<li><strong><span style=\"color: #698895;\"><a style=\"color: #698895;\" href=\"https:\/\/afraat.ca\/fr\/appeal-process\/preparation-de-votre-audition-2021\/\">Pr\u00e9paratifs pour une audience devant le Tribunal d&#8217;appel<\/a><\/span><\/strong><\/li>\n<li><span style=\"color: #698895;\"><strong><a style=\"color: #698895;\" href=\"https:\/\/www.ontario.ca\/fr\/lois\" target=\"_blank\" rel=\"noopener\">Lois-en-ligne<\/a><\/strong><\/span><\/li>\n<\/ul>\n<hr \/>\n<p>Pour plus de renseignements :<br \/>\nSans frais : 1 877-424-1300<br \/>\nLocal : 519 826-3433<br \/>\nCourriel : <a href=\"mailto:AFRAAT@ontario.ca\">AFRAAT@ontario.ca<\/a><\/p>\n<h6>This page is also available in English<\/h6>\n","protected":false},"excerpt":{"rendered":"<p>English Liens R\u00e8gles de Proc\u00e9dure D\u00e9cisions r\u00e9centes Pr\u00e9paratifs pour une audience devant le Tribunal d&#8217;appel Lois-en-ligne Pour plus de renseignements : Sans frais : 1 877-424-1300 Local : 519 826-3433 Courriel : AFRAAT@ontario.ca This page is also available in English<\/p>\n","protected":false},"author":1,"featured_media":0,"parent":0,"menu_order":0,"comment_status":"closed","ping_status":"closed","template":"","meta":{"footnotes":""},"class_list":["post-239","page","type-page","status-publish","hentry"],"jetpack_sharing_enabled":true,"jetpack_shortlink":"https:\/\/wp.me\/PbG2VG-3R","jetpack-related-posts":[{"id":248,"url":"https:\/\/afraat.ca\/fr\/accessibility\/","url_meta":{"origin":239,"position":0},"title":"Accessibilit\u00e9","author":"admin","date":"June 21, 2016","format":false,"excerpt":"English Liens Politiques, pratiques et proc\u00e9dures en mati\u00e8res d'accessibilit\u00e9 du tribunal d'appel Politiques en mati\u00e8res d'accessibilit\u00e9 du tribunal d'appel \u00a0 Pour plus de renseignements : Sans frais : 1 877-424-1300 Local : 519 826-3433 Courriel : AFRAAT@ontario.ca this page is available in English","rel":"","context":"Similar post","block_context":{"text":"Similar post","link":""},"img":{"alt_text":"","src":"","width":0,"height":0},"classes":[]},{"id":379,"url":"https:\/\/afraat.ca\/fr\/","url_meta":{"origin":239,"position":1},"title":"Accueil","author":"admin","date":"June 22, 2016","format":false,"excerpt":"English Changements \u00e0 venir \u2014 aucune interruption des services d\u00e9cisionnels actuels Dans le cadre de la Loi de 2026 visant \u00e0 prot\u00e9ger l\u2019autonomie alimentaire de l\u2019Ontario propos\u00e9e, l\u2019Ontario propose de fusionner deux organismes d\u00e9cisionnels distincts qui accomplissent des t\u00e2ches similaires \u2014 le Tribunal d\u2019appel de l\u2019agriculture, de l\u2019alimentation et des\u2026","rel":"","context":"Similar post","block_context":{"text":"Similar post","link":""},"img":{"alt_text":"","src":"","width":0,"height":0},"classes":[]},{"id":450,"url":"https:\/\/afraat.ca\/fr\/about\/what-is-the-appeal-tribunal\/","url_meta":{"origin":239,"position":2},"title":"Ce qu\u2019est le Tribunal","author":"admin","date":"June 23, 2016","format":false,"excerpt":"English Table des mati\u00e8res Introduction Coordonn\u00e9es du tribunal d\u2019appel Soutien administratif 1.\u00a0Introduction Le Tribunal d\u2019appel de l\u2019agriculture, de l\u2019alimentation et des affaires rurales (tribunal) est un organisme d\u2019appel quasi judiciaire ind\u00e9pendant qui a pour fonction d\u2019instruire les appels concernant des questions en rapport avec l\u2019agriculture et l\u2019industrie alimentaire. Les membres\u2026","rel":"","context":"Similar post","block_context":{"text":"Similar post","link":""},"img":{"alt_text":"","src":"","width":0,"height":0},"classes":[]},{"id":2,"url":"https:\/\/afraat.ca\/fr\/about\/","url_meta":{"origin":239,"position":3},"title":"\u00c0 propos","author":"admin","date":"June 17, 2016","format":false,"excerpt":"English Liens Que sont le Tribunal Liste des membres du Tribunal Tribunal d'appel de l'agriculture, de l'alimentation et des affaires rurales (le Tribunal) Mandat Constitu\u00e9 en vertu de l'article 14 de la Loi sur le minist\u00e8re de l'Agriculture, de l'Alimentation et des Affaires rurales, le Tribunal a pour mandat d'offrir\u2026","rel":"","context":"Similar post","block_context":{"text":"Similar post","link":""},"img":{"alt_text":"","src":"","width":0,"height":0},"classes":[]},{"id":27,"url":"https:\/\/afraat.ca\/fr\/accountability-documents\/mandate-mission-statement\/","url_meta":{"origin":239,"position":4},"title":"Mandat et mission","author":"admin","date":"June 20, 2016","format":false,"excerpt":"English Tribunal d'appel de l'agriculture, de l'alimentation et des affaires rurales (le Tribunal) Mandat Constitu\u00e9 en vertu de l'article 14 de la Loi sur le minist\u00e8re de l'Agriculture, de l'Alimentation et des Affaires rurales, le Tribunal a pour mandat d'offrir un processus d'appel ind\u00e9pendant et accessible afin que soient entendues\u2026","rel":"","context":"Similar post","block_context":{"text":"Similar post","link":""},"img":{"alt_text":"","src":"","width":0,"height":0},"classes":[]},{"id":21,"url":"https:\/\/afraat.ca\/fr\/accountability-documents\/consultation-policy\/","url_meta":{"origin":239,"position":5},"title":"Politique en mati\u00e8re de consultation","author":"admin","date":"June 20, 2016","format":false,"excerpt":"English Lorsqu\u2019il envisage d\u2019apporter des changements importants \u00e0 ses r\u00e8gles ou politiques, le Tribunal d\u2019appel de l\u2019agriculture, de l\u2019alimentation et des affaires rurales - \u00a0Commission de n\u00e9gociation (le \u00ab Tribunal \u00bb) consulte les personnes ou les entit\u00e9s, ou les groupes de personnes ou d\u2019entit\u00e9s, dont les int\u00e9r\u00eats seront touch\u00e9s par\u2026","rel":"","context":"Similar post","block_context":{"text":"Similar post","link":""},"img":{"alt_text":"","src":"","width":0,"height":0},"classes":[]}],"_links":{"self":[{"href":"https:\/\/afraat.ca\/fr\/wp-json\/wp\/v2\/pages\/239","targetHints":{"allow":["GET"]}}],"collection":[{"href":"https:\/\/afraat.ca\/fr\/wp-json\/wp\/v2\/pages"}],"about":[{"href":"https:\/\/afraat.ca\/fr\/wp-json\/wp\/v2\/types\/page"}],"author":[{"embeddable":true,"href":"https:\/\/afraat.ca\/fr\/wp-json\/wp\/v2\/users\/1"}],"replies":[{"embeddable":true,"href":"https:\/\/afraat.ca\/fr\/wp-json\/wp\/v2\/comments?post=239"}],"version-history":[{"count":22,"href":"https:\/\/afraat.ca\/fr\/wp-json\/wp\/v2\/pages\/239\/revisions"}],"predecessor-version":[{"id":3213,"href":"https:\/\/afraat.ca\/fr\/wp-json\/wp\/v2\/pages\/239\/revisions\/3213"}],"wp:attachment":[{"href":"https:\/\/afraat.ca\/fr\/wp-json\/wp\/v2\/media?parent=239"}],"curies":[{"name":"wp","href":"https:\/\/api.w.org\/{rel}","templated":true}]}}