{"id":24,"date":"2016-06-20T14:21:15","date_gmt":"2016-06-20T14:21:15","guid":{"rendered":"http:\/\/afraat.ca\/fr\/?page_id=24"},"modified":"2023-10-30T11:25:45","modified_gmt":"2023-10-30T15:25:45","slug":"ethics-plan","status":"publish","type":"page","link":"https:\/\/afraat.ca\/fr\/accountability-documents\/ethics-plan\/","title":{"rendered":"Plan d&#8217;\u00e9thique"},"content":{"rendered":"<h6><a href=\"https:\/\/afraat.ca\/accountability-documents\/ethics-plan\/\">English<\/a><\/h6>\n<h2><span style=\"color: #a9594e;\">Contexte<\/span><\/h2>\n<p>Le pr\u00e9sent plan d\u2019\u00e9thique a \u00e9t\u00e9 pr\u00e9par\u00e9 conform\u00e9ment au R\u00e8gl. de l\u2019Ont.\u00a091\/11 pris en application de la <em>Loi de 2009 sur la responsabilisation et la gouvernance des tribunaux d\u00e9cisionnels et les nominations \u00e0 ces tribunaux.\u00a0 <\/em>Aux termes du R\u00e8gl. de l\u2019Ont. 91\/11, le plan d\u2019\u00e9thique exig\u00e9 par le paragraphe\u00a06(1) de la Loi doit contenir ce qui suit\u00a0:<\/p>\n<ol>\n<li>Une description des pratiques et proc\u00e9dures visant \u00e0 s\u2019assurer que les membres connaissent bien les exigences de la Partie\u00a0IV (Respect de l\u2019\u00e9thique) et de la Partie\u00a0V (Activit\u00e9s politiques) de la <em>Loi de 2006 sur la fonction publique de l\u2019Ontario<\/em>. Les pratiques et proc\u00e9dures doivent inclure l\u2019envoi d\u2019un avis annuel aux membres qui contient des informations sur les exigences des parties\u00a0IV et V de la Loi.<\/li>\n<li>Une description des pratiques et proc\u00e9dures visant \u00e0 s\u2019assurer que les membres connaissent bien le code de d\u00e9ontologie qui fait partie du cadre de responsabilisation du tribunal d\u00e9cisionnel. Les pratiques et proc\u00e9dures doivent inclure l\u2019envoi d\u2019un avis annuel aux membres qui contient des informations sur le code de d\u00e9ontologie.<\/li>\n<\/ol>\n<p>Dans le pr\u00e9sent plan d\u2019\u00e9thique, \u00ab\u00a0Tribunal\u00a0\u00bb s\u2019entend du Tribunal d\u2019appel de l\u2019agriculture, de l\u2019alimentation et des affaires rurales et de la Commission de n\u00e9gociation.<\/p>\n<h2><span style=\"color: #a9594e;\">Pratiques et proc\u00e9dures<\/span><\/h2>\n<h3><span style=\"color: #2c641f;\">A.\u00a0Partie\u00a0IV (Respect de l\u2019\u00e9thique) et Partie\u00a0V (Activit\u00e9s politiques) de la <em>Loi de 2006 sur la fonction publique de l\u2019Ontario<\/em> (LFPO)<\/span><\/h3>\n<p>Le Tribunal veille \u00e0 ce que les membres connaissent bien les exigences de la LFPO comme suit\u00a0:<\/p>\n<p>1. Au moment de leur nomination, chaque membre re\u00e7oit un guide d\u2019orientation qui contient\u00a0:<\/p>\n<p style=\"padding-left: 30px;\">a. une copie des dispositions l\u00e9gislatives et r\u00e8glementaires pertinentes de la LFPO;<\/p>\n<p style=\"padding-left: 30px;\">b. les lignes directrices du gouvernement de l\u2019Ontario relatives au respect de l\u2019\u00e9thique, aux r\u00e8gles sur les conflits d\u2019int\u00e9r\u00eats et aux droits et restrictions visant les activit\u00e9s politiques;<\/p>\n<p style=\"padding-left: 30px;\">c. l\u2019hyperlien du site Web du commissaire aux conflits d\u2019int\u00e9r\u00eats.<\/p>\n<p>2. Le pr\u00e9sident du Tribunal passe en revue avec chaque nouveau membre ses obligations en vertu de la LFPO en ce qui a trait au respect de l\u2019\u00e9thique, aux r\u00e8gles en mati\u00e8re de conflits d\u2019int\u00e9r\u00eats et aux activit\u00e9s politiques, puis il passe en revue le r\u00f4le du pr\u00e9sident en tant que responsable de l\u2019\u00e9thique pour le Tribunal.<\/p>\n<p>3. Chaque membre est avis\u00e9 d\u00e8s que possible de toute modification apport\u00e9e aux dispositions l\u00e9gislatives et r\u00e9glementaires pertinentes concernant leurs responsabilit\u00e9s en vertu de la LFPO.<\/p>\n<p>4. Chaque ann\u00e9e, un avis est envoy\u00e9 au membre, lequel contient des informations sur les exigences de la Partie\u00a0IV et de la Partie\u00a0V de la LFPO.<\/p>\n<h3><span style=\"color: #2c641f;\">B. Code de d\u00e9ontologie<\/span><\/h3>\n<p>Le Tribunal veille \u00e0 ce que les membres connaissent bien le code de d\u00e9ontologie du Tribunal comme suit\u00a0:<\/p>\n<p>1. D\u00e8s leur nomination, le Tribunal remet \u00e0 chaque membre un guide d\u2019orientation qui contient le code de d\u00e9ontologie du Tribunal.<\/p>\n<p>2. Dans le cadre de leur s\u00e9ance d\u2019orientation, il passe en revue le code de d\u00e9ontologie avec les nouveaux membres.<\/p>\n<p>3. Il avise, d\u00e8s que possible, chaque membre des modifications apport\u00e9es au code de d\u00e9ontologie.<\/p>\n<p>4. Il remet, chaque ann\u00e9e, une copie du code de d\u00e9ontologie aux membres dans leur cartable de formation.<\/p>\n<hr \/>\n<p>Pour plus de renseignements :<br \/>\nSans frais : 1 888 466-2372 poste 519 826-3433<br \/>\nLocal : 519 826-3433<br \/>\nCourriel : <a href=\"mailto:AFRAAT@ontario.ca\">AFRAAT@ontario.ca<\/a><\/p>\n<p>This page available in English<\/p>\n","protected":false},"excerpt":{"rendered":"<p>English Contexte Le pr\u00e9sent plan d\u2019\u00e9thique a \u00e9t\u00e9 pr\u00e9par\u00e9 conform\u00e9ment au R\u00e8gl. de l\u2019Ont.\u00a091\/11 pris en application de la Loi de 2009 sur la responsabilisation et la gouvernance des tribunaux d\u00e9cisionnels et les nominations \u00e0 ces tribunaux.\u00a0 Aux termes du&#8230; <a href=\"https:\/\/afraat.ca\/fr\/accountability-documents\/ethics-plan\/\" class=\"readmore\">Read more<span class=\"screen-reader-text\">Plan d&#8217;\u00e9thique<\/span><span class=\"fa fa-angle-double-right\" aria-hidden=\"true\"><\/span><\/a><\/p>\n","protected":false},"author":1,"featured_media":0,"parent":227,"menu_order":0,"comment_status":"closed","ping_status":"closed","template":"","meta":{"footnotes":""},"class_list":["post-24","page","type-page","status-publish","hentry"],"jetpack_sharing_enabled":true,"jetpack_shortlink":"https:\/\/wp.me\/PbG2VG-o","jetpack-related-posts":[{"id":83,"url":"https:\/\/afraat.ca\/fr\/accountability-documents\/business-plan-2015-2018\/","url_meta":{"origin":24,"position":0},"title":"Plan d&#8217;activit\u00e9s 2015-2018","author":"admin","date":"June 20, 2016","format":false,"excerpt":"English Table des mati\u00e8res \u00a0Sommaire Mandat et \u00e9nonc\u00e9 de mission Valeurs et principes directeurs Liste sp\u00e9ciale de membres en vertu de la\u00a0Loi de 2002 sur la protection des employ\u00e9s agricoles Aper\u00e7u des activit\u00e9s et programmes actuels et futurs Orientations strat\u00e9giques Ressources requises Strat\u00e9gies d'identification, d'\u00e9valuation et de r\u00e9duction des risques\u2026","rel":"","context":"Similar post","block_context":{"text":"Similar post","link":""},"img":{"alt_text":"","src":"","width":0,"height":0},"classes":[]},{"id":2787,"url":"https:\/\/afraat.ca\/fr\/accountability-documents\/business-plans\/plan-dactivites-2024-a-2027\/","url_meta":{"origin":24,"position":1},"title":"Plan d\u2019activit\u00e9s 2024 \u00e0 2027","author":"admin","date":"April 15, 2024","format":false,"excerpt":"Table des mati\u00e8res TRIBUNAL D\u2019APPEL DE L\u2019AGRICULTURE, DE L\u2019ALIMENTATION ET DES AFFAIRES RURALES\u00a0 1 Plan d\u2019activit\u00e9s 2024 \u00e0 2027. 1 R\u00e9sum\u00e9. 1 Tribunal d\u2019appel de l\u2019agriculture, de l\u2019alimentation et des affaires rurales. 1 Mandat du Tribunal 1 \u00c9nonc\u00e9 de mission du Tribunal 1 Valeurs et principes directeurs. 1 Le Tribunal\u2026","rel":"","context":"Similar post","block_context":{"text":"Similar post","link":""},"img":{"alt_text":"","src":"","width":0,"height":0},"classes":[]},{"id":2003,"url":"https:\/\/afraat.ca\/fr\/accountability-documents\/plan-dactivites-2017-2020\/","url_meta":{"origin":24,"position":2},"title":"Plan d\u2019activit\u00e9s 2017-2020","author":"admin","date":"March 3, 2022","format":false,"excerpt":"English Table des mati\u00e8res Sommaire. 1 Tribunal d\u2019appel de l\u2019agriculture, de l\u2019alimentation et des affaires rurales. 1 Commission de n\u00e9gociation (CN) 2 Valeurs et principes directeurs. 2 Ressources humaines. 3 Analyse de la conjoncture. 4 Ressources requises pour satisfaire les orientations strat\u00e9giques. 8 Mesures du rendement 8 R\u00e9sultats attendus. 8\u2026","rel":"","context":"Similar post","block_context":{"text":"Similar post","link":""},"img":{"alt_text":"","src":"","width":0,"height":0},"classes":[]},{"id":519,"url":"https:\/\/afraat.ca\/fr\/accountability-documents\/business-plan-2016-19\/","url_meta":{"origin":24,"position":3},"title":"Plan d&#8217;activit\u00e9s 2016-2019","author":"admin","date":"July 6, 2016","format":false,"excerpt":"English T\u00e9l\u00e9charger le PDF Table des mati\u00e8res \u00a0Sommaire Mandat et \u00e9nonc\u00e9 de mission Liste sp\u00e9ciale de membres en vertu de la\u00a0Loi de 2002 sur la protection des employ\u00e9s Valeurs et principes directeurs Programmes et activit\u00e9s Ressources requises Strat\u00e9gies d'identification, d'\u00e9valuation et de r\u00e9duction des risques Analyse de la conjoncture Ressources\u2026","rel":"","context":"Similar post","block_context":{"text":"Similar post","link":""},"img":{"alt_text":"","src":"","width":0,"height":0},"classes":[]},{"id":1997,"url":"https:\/\/afraat.ca\/fr\/accountability-documents\/plan-dactivites-2019-2022\/","url_meta":{"origin":24,"position":4},"title":"Plan d\u2019activit\u00e9s 2019-2022","author":"admin","date":"March 2, 2022","format":false,"excerpt":"English Table des mati\u00e8res R\u00e9sum\u00e9. 2 Tribunal d\u2019appel de l\u2019agriculture, de l\u2019alimentation et des affaires rurales. 3 Mandat du Tribunal 3 \u00c9nonc\u00e9 de mission du Tribunal 3 Commission de n\u00e9gociation (CN) 4 Valeurs et principes directeurs. 4 Le Tribunal et la CN ont en commun les valeurs suivantes\u00a0: 4 Ressources\u2026","rel":"","context":"Similar post","block_context":{"text":"Similar post","link":""},"img":{"alt_text":"","src":"","width":0,"height":0},"classes":[]},{"id":3079,"url":"https:\/\/afraat.ca\/fr\/accountability-documents\/business-plans\/plan-dactivites-2025-a-2028\/","url_meta":{"origin":24,"position":5},"title":"Plan d\u2019activit\u00e9s 2025 \u00e0 2028","author":"admin","date":"June 4, 2025","format":false,"excerpt":"TABLE DES MATI\u00c8RES R\u00c9SUM\u00c9 VUE D\u2019ENSEMBLE ET MANDAT DU TRIBUNAL ANALYSE DE LA CONJONCTURE ET GESTION DES RISQUES DE L\u2019ORGANISME ENGAGEMENTS ET \u00c9L\u00c9MENTS PRINCIPAUX DES STRAT\u00c9GIES POUR 2025 \u00c0 2028 RESSOURCES HUMAINES. OBJECTIFS ET MESURES DE RENDEMENT BUDGET FINANCIER TECHNOLOGIES DE L\u2019INFORMATION ET INTELLIGENCE ARTIFICIELLE PLAN DE COMMUNICATION \u00a0 TRIBUNAL\u2026","rel":"","context":"Similar post","block_context":{"text":"Similar post","link":""},"img":{"alt_text":"","src":"","width":0,"height":0},"classes":[]}],"_links":{"self":[{"href":"https:\/\/afraat.ca\/fr\/wp-json\/wp\/v2\/pages\/24","targetHints":{"allow":["GET"]}}],"collection":[{"href":"https:\/\/afraat.ca\/fr\/wp-json\/wp\/v2\/pages"}],"about":[{"href":"https:\/\/afraat.ca\/fr\/wp-json\/wp\/v2\/types\/page"}],"author":[{"embeddable":true,"href":"https:\/\/afraat.ca\/fr\/wp-json\/wp\/v2\/users\/1"}],"replies":[{"embeddable":true,"href":"https:\/\/afraat.ca\/fr\/wp-json\/wp\/v2\/comments?post=24"}],"version-history":[{"count":14,"href":"https:\/\/afraat.ca\/fr\/wp-json\/wp\/v2\/pages\/24\/revisions"}],"predecessor-version":[{"id":2450,"href":"https:\/\/afraat.ca\/fr\/wp-json\/wp\/v2\/pages\/24\/revisions\/2450"}],"up":[{"embeddable":true,"href":"https:\/\/afraat.ca\/fr\/wp-json\/wp\/v2\/pages\/227"}],"wp:attachment":[{"href":"https:\/\/afraat.ca\/fr\/wp-json\/wp\/v2\/media?parent=24"}],"curies":[{"name":"wp","href":"https:\/\/api.w.org\/{rel}","templated":true}]}}