{"id":241,"date":"2016-06-21T14:43:45","date_gmt":"2016-06-21T14:43:45","guid":{"rendered":"http:\/\/afraat.ca\/fr\/?page_id=241"},"modified":"2025-12-11T08:49:48","modified_gmt":"2025-12-11T13:49:48","slug":"tribunal-decisions","status":"publish","type":"page","link":"https:\/\/afraat.ca\/fr\/appeal-process\/tribunal-decisions\/","title":{"rendered":"D\u00e9cisions du Tribunal"},"content":{"rendered":"<h6 align=\"center\"><a href=\"https:\/\/afraat.ca\/appeal-process\/tribunal-decisions\/\">English<\/a><\/h6>\n<p style=\"text-align: left;\" align=\"center\">Les d\u00e9cisions du Tribunal peuvent \u00eatre consult\u00e9es sur le site Web de CanLII \u00e0 <strong><span style=\"color: #698895;\"><a style=\"color: #698895;\" href=\"http:\/\/canlii.ca\/fr\/on\/onafraat\/\">http:\/\/canlii.ca\/fr\/on\/onafraat\/<\/a><\/span><\/strong><\/p>\n<hr \/>\n<p>Veuillez communiquer avec le bureau du Tribunal pour toute demande particuli\u00e8re.<\/p>\n<hr \/>\n<p style=\"text-align: left;\">Les d\u00e9cisions de l`Arbitre en mati\u00e8re de drainage se trouvent sur le site web de L`Institut canadien d&#8217;information juridique (CanLII) \u00e0 \u00a0<strong><span style=\"color: #698895;\"><a style=\"color: #698895;\" href=\"http:\/\/www.canlii.org\/fr\/on\/ondr\/\">http:\/\/www.canlii.org\/fr\/on\/ondr\/<\/a><\/span><\/strong><\/p>\n<hr \/>\n<p>Pour plus de renseignements :<br \/>\nSans frais : 1 877-424-1300<br \/>\nLocal : 519 826-3433<br \/>\nCourriel : <a href=\"mailto:AFRAAT@ontario.ca\">AFRAAT@ontario.ca<\/a><\/p>\n<h6>This page is also available in English<\/h6>\n","protected":false},"excerpt":{"rendered":"<p>English Les d\u00e9cisions du Tribunal peuvent \u00eatre consult\u00e9es sur le site Web de CanLII \u00e0 http:\/\/canlii.ca\/fr\/on\/onafraat\/ Veuillez communiquer avec le bureau du Tribunal pour toute demande particuli\u00e8re. Les d\u00e9cisions de l`Arbitre en mati\u00e8re de drainage se trouvent sur le site&#8230; <a href=\"https:\/\/afraat.ca\/fr\/appeal-process\/tribunal-decisions\/\" class=\"readmore\">Read more<span class=\"screen-reader-text\">D\u00e9cisions du Tribunal<\/span><span class=\"fa fa-angle-double-right\" aria-hidden=\"true\"><\/span><\/a><\/p>\n","protected":false},"author":1,"featured_media":0,"parent":239,"menu_order":0,"comment_status":"closed","ping_status":"closed","template":"","meta":{"footnotes":""},"class_list":["post-241","page","type-page","status-publish","hentry"],"jetpack_sharing_enabled":true,"jetpack_shortlink":"https:\/\/wp.me\/PbG2VG-3T","jetpack-related-posts":[{"id":519,"url":"https:\/\/afraat.ca\/fr\/accountability-documents\/business-plan-2016-19\/","url_meta":{"origin":241,"position":0},"title":"Plan d&#8217;activit\u00e9s 2016-2019","author":"admin","date":"July 6, 2016","format":false,"excerpt":"English T\u00e9l\u00e9charger le PDF Table des mati\u00e8res \u00a0Sommaire Mandat et \u00e9nonc\u00e9 de mission Liste sp\u00e9ciale de membres en vertu de la\u00a0Loi de 2002 sur la protection des employ\u00e9s Valeurs et principes directeurs Programmes et activit\u00e9s Ressources requises Strat\u00e9gies d'identification, d'\u00e9valuation et de r\u00e9duction des risques Analyse de la conjoncture Ressources\u2026","rel":"","context":"Similar post","block_context":{"text":"Similar post","link":""},"img":{"alt_text":"","src":"","width":0,"height":0},"classes":[]},{"id":2165,"url":"https:\/\/afraat.ca\/fr\/accountability-documents\/plan-dactivities-2023-2026\/","url_meta":{"origin":241,"position":1},"title":"Plan d\u2019activit\u00e9s 2023-2026","author":"admin","date":"April 3, 2023","format":false,"excerpt":"English TRIBUNAL D\u2019APPEL DE L\u2019AGRICULTURE, DE L\u2019ALIMENTATION ET DES AFFAIRES RURALES \u00a0Plan d\u2019activit\u00e9s\u00a02023-2026 Table des mati\u00e8res TRIBUNAL D\u2019APPEL DE L\u2019AGRICULTURE, DE L\u2019ALIMENTATION ET DES AFFAIRES RURALES\u00a0 1 Plan d\u2019activit\u00e9s\u00a02023-2026. 1 Synth\u00e8se. 2 Tribunal d\u2019appel de l\u2019agriculture, de l\u2019alimentation et des affaires rurales. 3 Mandat du Tribunal 3 \u00c9nonc\u00e9 de mission\u2026","rel":"","context":"Similar post","block_context":{"text":"Similar post","link":""},"img":{"alt_text":"","src":"","width":0,"height":0},"classes":[]},{"id":2029,"url":"https:\/\/afraat.ca\/fr\/plan-dactivites-2021-2024\/","url_meta":{"origin":241,"position":2},"title":"Plan d\u2019activit\u00e9s\u00a02021-2024","author":"admin","date":"April 11, 2022","format":false,"excerpt":"English Table des mati\u00e8res TRIBUNAL D\u2019APPEL DE L\u2019AGRICULTURE, DE L\u2019ALIMENTATION ET DES AFFAIRES RURALES\u00a0 1 Plan d\u2019activit\u00e9s\u00a02021-2024. 1 R\u00e9sum\u00e9. 2 Tribunal d\u2019appel de l\u2019agriculture, de l\u2019alimentation et des affaires rurales. 3 Mandat du Tribunal 3 \u00c9nonc\u00e9 de mission du Tribunal 3 Valeurs et principes directeurs. 3 Le Tribunal attribue de\u2026","rel":"","context":"Similar post","block_context":{"text":"Similar post","link":""},"img":{"alt_text":"","src":"","width":0,"height":0},"classes":[]},{"id":2031,"url":"https:\/\/afraat.ca\/fr\/accountability-documents\/plan-dactivites-2022-2025\/","url_meta":{"origin":241,"position":3},"title":"Plan d\u2019activit\u00e9s\u00a02022-2025","author":"admin","date":"April 11, 2022","format":false,"excerpt":"English Table des mati\u00e8res TRIBUNAL D\u2019APPEL DE L\u2019AGRICULTURE, DE L\u2019ALIMENTATION ET DES AFFAIRES RURALES\u00a0 1 Plan d\u2019activit\u00e9s\u00a02022-2025. 1 R\u00e9sum\u00e9. 2 Tribunal d\u2019appel de l\u2019agriculture, de l\u2019alimentation et des affaires rurales. 3 Mandat du Tribunal 3 \u00c9nonc\u00e9 de mission du Tribunal 3 Valeurs et principes directeurs. 3 Le Tribunal attribue de\u2026","rel":"","context":"Similar post","block_context":{"text":"Similar post","link":""},"img":{"alt_text":"","src":"","width":0,"height":0},"classes":[]},{"id":2003,"url":"https:\/\/afraat.ca\/fr\/accountability-documents\/plan-dactivites-2017-2020\/","url_meta":{"origin":241,"position":4},"title":"Plan d\u2019activit\u00e9s 2017-2020","author":"admin","date":"March 3, 2022","format":false,"excerpt":"English Table des mati\u00e8res Sommaire. 1 Tribunal d\u2019appel de l\u2019agriculture, de l\u2019alimentation et des affaires rurales. 1 Commission de n\u00e9gociation (CN) 2 Valeurs et principes directeurs. 2 Ressources humaines. 3 Analyse de la conjoncture. 4 Ressources requises pour satisfaire les orientations strat\u00e9giques. 8 Mesures du rendement 8 R\u00e9sultats attendus. 8\u2026","rel":"","context":"Similar post","block_context":{"text":"Similar post","link":""},"img":{"alt_text":"","src":"","width":0,"height":0},"classes":[]},{"id":2787,"url":"https:\/\/afraat.ca\/fr\/accountability-documents\/business-plans\/plan-dactivites-2024-a-2027\/","url_meta":{"origin":241,"position":5},"title":"Plan d\u2019activit\u00e9s 2024 \u00e0 2027","author":"admin","date":"April 15, 2024","format":false,"excerpt":"Table des mati\u00e8res TRIBUNAL D\u2019APPEL DE L\u2019AGRICULTURE, DE L\u2019ALIMENTATION ET DES AFFAIRES RURALES\u00a0 1 Plan d\u2019activit\u00e9s 2024 \u00e0 2027. 1 R\u00e9sum\u00e9. 1 Tribunal d\u2019appel de l\u2019agriculture, de l\u2019alimentation et des affaires rurales. 1 Mandat du Tribunal 1 \u00c9nonc\u00e9 de mission du Tribunal 1 Valeurs et principes directeurs. 1 Le Tribunal\u2026","rel":"","context":"Similar post","block_context":{"text":"Similar post","link":""},"img":{"alt_text":"","src":"","width":0,"height":0},"classes":[]}],"_links":{"self":[{"href":"https:\/\/afraat.ca\/fr\/wp-json\/wp\/v2\/pages\/241","targetHints":{"allow":["GET"]}}],"collection":[{"href":"https:\/\/afraat.ca\/fr\/wp-json\/wp\/v2\/pages"}],"about":[{"href":"https:\/\/afraat.ca\/fr\/wp-json\/wp\/v2\/types\/page"}],"author":[{"embeddable":true,"href":"https:\/\/afraat.ca\/fr\/wp-json\/wp\/v2\/users\/1"}],"replies":[{"embeddable":true,"href":"https:\/\/afraat.ca\/fr\/wp-json\/wp\/v2\/comments?post=241"}],"version-history":[{"count":15,"href":"https:\/\/afraat.ca\/fr\/wp-json\/wp\/v2\/pages\/241\/revisions"}],"predecessor-version":[{"id":3218,"href":"https:\/\/afraat.ca\/fr\/wp-json\/wp\/v2\/pages\/241\/revisions\/3218"}],"up":[{"embeddable":true,"href":"https:\/\/afraat.ca\/fr\/wp-json\/wp\/v2\/pages\/239"}],"wp:attachment":[{"href":"https:\/\/afraat.ca\/fr\/wp-json\/wp\/v2\/media?parent=241"}],"curies":[{"name":"wp","href":"https:\/\/api.w.org\/{rel}","templated":true}]}}