{"id":248,"date":"2016-06-21T14:50:53","date_gmt":"2016-06-21T14:50:53","guid":{"rendered":"http:\/\/afraat.ca\/fr\/?page_id=248"},"modified":"2025-12-11T08:42:01","modified_gmt":"2025-12-11T13:42:01","slug":"accessibility","status":"publish","type":"page","link":"https:\/\/afraat.ca\/fr\/accessibility\/","title":{"rendered":"Accessibilit\u00e9"},"content":{"rendered":"<h6><a href=\"https:\/\/afraat.ca\/accessibility\/\">English<\/a><\/h6>\n<h2><span style=\"color: #a9594e;\">Liens<\/span><\/h2>\n<h3><span style=\"color: #2c641f;\">Politiques, pratiques et proc\u00e9dures en mati\u00e8res d&#8217;accessibilit\u00e9 du tribunal d&#8217;appel<\/span><\/h3>\n<ul>\n<li><a href=\"http:\/\/afraat.ca\/fr\/accessibility\/tribunal-accessibility-policy\/\"><span style=\"color: #698895;\"><strong>Politiques en mati\u00e8res d&#8217;accessibilit\u00e9 du tribunal d&#8217;appel<\/strong><\/span><\/a><\/li>\n<\/ul>\n<p>&nbsp;<\/p>\n<h1><\/h1>\n<hr \/>\n<p>Pour plus de renseignements :<br \/>\nSans frais : 1 877-424-1300<br \/>\nLocal : 519 826-3433<br \/>\nCourriel : <a href=\"mailto:AFRAAT@ontario.ca\">AFRAAT@ontario.ca<\/a><\/p>\n<p>this page is available in English<\/p>\n","protected":false},"excerpt":{"rendered":"<p>English Liens Politiques, pratiques et proc\u00e9dures en mati\u00e8res d&#8217;accessibilit\u00e9 du tribunal d&#8217;appel Politiques en mati\u00e8res d&#8217;accessibilit\u00e9 du tribunal d&#8217;appel &nbsp; Pour plus de renseignements : Sans frais : 1 877-424-1300 Local : 519 826-3433 Courriel : AFRAAT@ontario.ca this page is&#8230; <a href=\"https:\/\/afraat.ca\/fr\/accessibility\/\" class=\"readmore\">Read more<span class=\"screen-reader-text\">Accessibilit\u00e9<\/span><span class=\"fa fa-angle-double-right\" aria-hidden=\"true\"><\/span><\/a><\/p>\n","protected":false},"author":1,"featured_media":0,"parent":0,"menu_order":0,"comment_status":"closed","ping_status":"closed","template":"","meta":{"footnotes":""},"class_list":["post-248","page","type-page","status-publish","hentry"],"jetpack_sharing_enabled":true,"jetpack_shortlink":"https:\/\/wp.me\/PbG2VG-40","jetpack-related-posts":[{"id":252,"url":"https:\/\/afraat.ca\/fr\/accessibility\/tribunal-accessibility-policy\/","url_meta":{"origin":248,"position":0},"title":"Politiques, pratiques et proc\u00e9dures en mati\u00e8res d&#8217;accessibilit\u00e9 du tribunal d&#8217;appel","author":"admin","date":"June 21, 2016","format":false,"excerpt":"English Table des Matieres Contexte Section 1 - Services \u00e0 la client\u00e8le Politique sur la prestation de services aux personnes handicap\u00e9es Renseignements g\u00e9n\u00e9raux Installations Accessibilit\u00e9 des renseignements Utilisation d'appareils ou accessoires fonctionnels Recours \u00e0 un animal d'assistance ou \u00e0 une personne de soutien Animaux d'assistance Personnes de soutien 7.Avis de\u2026","rel":"","context":"Similar post","block_context":{"text":"Similar post","link":""},"img":{"alt_text":"","src":"","width":0,"height":0},"classes":[]},{"id":21,"url":"https:\/\/afraat.ca\/fr\/accountability-documents\/consultation-policy\/","url_meta":{"origin":248,"position":1},"title":"Politique en mati\u00e8re de consultation","author":"admin","date":"June 20, 2016","format":false,"excerpt":"English Lorsqu\u2019il envisage d\u2019apporter des changements importants \u00e0 ses r\u00e8gles ou politiques, le Tribunal d\u2019appel de l\u2019agriculture, de l\u2019alimentation et des affaires rurales - \u00a0Commission de n\u00e9gociation (le \u00ab Tribunal \u00bb) consulte les personnes ou les entit\u00e9s, ou les groupes de personnes ou d\u2019entit\u00e9s, dont les int\u00e9r\u00eats seront touch\u00e9s par\u2026","rel":"","context":"Similar post","block_context":{"text":"Similar post","link":""},"img":{"alt_text":"","src":"","width":0,"height":0},"classes":[]},{"id":450,"url":"https:\/\/afraat.ca\/fr\/about\/what-is-the-appeal-tribunal\/","url_meta":{"origin":248,"position":2},"title":"Ce qu\u2019est le Tribunal","author":"admin","date":"June 23, 2016","format":false,"excerpt":"English Table des mati\u00e8res Introduction Coordonn\u00e9es du tribunal d\u2019appel Soutien administratif 1.\u00a0Introduction Le Tribunal d\u2019appel de l\u2019agriculture, de l\u2019alimentation et des affaires rurales (tribunal) est un organisme d\u2019appel quasi judiciaire ind\u00e9pendant qui a pour fonction d\u2019instruire les appels concernant des questions en rapport avec l\u2019agriculture et l\u2019industrie alimentaire. Les membres\u2026","rel":"","context":"Similar post","block_context":{"text":"Similar post","link":""},"img":{"alt_text":"","src":"","width":0,"height":0},"classes":[]},{"id":24,"url":"https:\/\/afraat.ca\/fr\/accountability-documents\/ethics-plan\/","url_meta":{"origin":248,"position":3},"title":"Plan d&#8217;\u00e9thique","author":"admin","date":"June 20, 2016","format":false,"excerpt":"English Contexte Le pr\u00e9sent plan d\u2019\u00e9thique a \u00e9t\u00e9 pr\u00e9par\u00e9 conform\u00e9ment au R\u00e8gl. de l\u2019Ont.\u00a091\/11 pris en application de la Loi de 2009 sur la responsabilisation et la gouvernance des tribunaux d\u00e9cisionnels et les nominations \u00e0 ces tribunaux.\u00a0 Aux termes du R\u00e8gl. de l\u2019Ont. 91\/11, le plan d\u2019\u00e9thique exig\u00e9 par le\u2026","rel":"","context":"Similar post","block_context":{"text":"Similar post","link":""},"img":{"alt_text":"","src":"","width":0,"height":0},"classes":[]},{"id":73,"url":"https:\/\/afraat.ca\/fr\/accountability-documents\/memorandum-of-understanding\/","url_meta":{"origin":248,"position":4},"title":"Protocole d&#8217;entente","author":"admin","date":"June 20, 2016","format":false,"excerpt":"English Protocole d\u2019entente conclu entre le ministre du minist\u00e8re de l\u2019Agriculture, de l\u2019Alimentation et de l\u2019Agroentreprise et le Tribunal d\u2019appel de l\u2019agriculture, de l\u2019alimentation et des affaires rurales Table des Mati\u00e8res 1. Pr\u00e9ambule 2. Objectifs 3. D\u00e9finitions 4. Pouvoir juridique et mandat du Tribunal 5. Personnalit\u00e9 morale et statut d\u2019organisme\u2026","rel":"","context":"Similar post","block_context":{"text":"Similar post","link":""},"img":{"alt_text":"","src":"","width":0,"height":0},"classes":[]},{"id":34,"url":"https:\/\/afraat.ca\/fr\/accountability-documents\/service-standard-policy\/","url_meta":{"origin":248,"position":5},"title":"Politique sur les normes de services","author":"admin","date":"June 20, 2016","format":false,"excerpt":"English Introduction Le Tribunal d\u2019appel de l\u2019agriculture, de l\u2019alimentation et des affaires rurales (le Tribunal) est un tribunal d\u2019arbitrage quasi judiciaire dont le mandat est d\u2019offrir un processus d\u2019audience et de d\u00e9cision juste et impartial pour toutes les personnes qui sont l\u00e9s\u00e9es par une directive, une politique, une ordonnance ou\u2026","rel":"","context":"Similar post","block_context":{"text":"Similar post","link":""},"img":{"alt_text":"","src":"","width":0,"height":0},"classes":[]}],"_links":{"self":[{"href":"https:\/\/afraat.ca\/fr\/wp-json\/wp\/v2\/pages\/248","targetHints":{"allow":["GET"]}}],"collection":[{"href":"https:\/\/afraat.ca\/fr\/wp-json\/wp\/v2\/pages"}],"about":[{"href":"https:\/\/afraat.ca\/fr\/wp-json\/wp\/v2\/types\/page"}],"author":[{"embeddable":true,"href":"https:\/\/afraat.ca\/fr\/wp-json\/wp\/v2\/users\/1"}],"replies":[{"embeddable":true,"href":"https:\/\/afraat.ca\/fr\/wp-json\/wp\/v2\/comments?post=248"}],"version-history":[{"count":15,"href":"https:\/\/afraat.ca\/fr\/wp-json\/wp\/v2\/pages\/248\/revisions"}],"predecessor-version":[{"id":3215,"href":"https:\/\/afraat.ca\/fr\/wp-json\/wp\/v2\/pages\/248\/revisions\/3215"}],"wp:attachment":[{"href":"https:\/\/afraat.ca\/fr\/wp-json\/wp\/v2\/media?parent=248"}],"curies":[{"name":"wp","href":"https:\/\/api.w.org\/{rel}","templated":true}]}}