{"id":2901,"date":"2024-06-26T17:08:07","date_gmt":"2024-06-26T21:08:07","guid":{"rendered":"https:\/\/afraat.ca\/fr\/?page_id=2901"},"modified":"2026-02-03T12:43:37","modified_gmt":"2026-02-03T17:43:37","slug":"divulgation-publique-des-depenses","status":"publish","type":"page","link":"https:\/\/afraat.ca\/fr\/divulgation-publique-des-depenses\/","title":{"rendered":"Divulgation publique des d\u00e9penses"},"content":{"rendered":"<div class=\"ms-Grid ts-grid\">\n<div class=\"ms-Grid-row\">\n<div class=\"ts-textfield-container ts-larger-font\" lang=\"fr\">\n<div tabindex=\"-1\" role=\"label\">La <a href=\"https:\/\/www.ontario.ca\/fr\/page\/directive-sur-les-frais-de-deplacement-de-repas-et-daccueil\">directive sur les frais de d\u00e9placement, de repas et d\u2019accueil<\/a> exige que les personnes d\u00e9sign\u00e9es de chaque organisme provincial publient les renseignements relatifs aux d\u00e9penses.<\/div>\n<div tabindex=\"-1\" role=\"label\"><\/div>\n<\/div>\n<\/div>\n<\/div>\n<ul>\n<li><strong><a href=\"http:\/\/afraat.ca\/fr\/wp-content\/uploads\/2024\/06\/AFRAAT-Expense-Summary-Q2-FY23-24-FR-FINAL.pdf\">D\u00e9penses pour les mois de juillet 2023 \u00e0 septembre 2023<\/a><\/strong><\/li>\n<li><strong><a href=\"http:\/\/afraat.ca\/fr\/wp-content\/uploads\/2026\/02\/AFRAAT-Summary-Page-Q2-FY25-26Fr.pdf\">D\u00e9penses du mois de juin 2025<\/a><\/strong><\/li>\n<\/ul>\n","protected":false},"excerpt":{"rendered":"<p>La directive sur les frais de d\u00e9placement, de repas et d\u2019accueil exige que les personnes d\u00e9sign\u00e9es de chaque organisme provincial publient les renseignements relatifs aux d\u00e9penses. D\u00e9penses pour les mois de juillet 2023 \u00e0 septembre 2023 D\u00e9penses du mois de&#8230; <a href=\"https:\/\/afraat.ca\/fr\/divulgation-publique-des-depenses\/\" class=\"readmore\">Read more<span class=\"screen-reader-text\">Divulgation publique des d\u00e9penses<\/span><span class=\"fa fa-angle-double-right\" aria-hidden=\"true\"><\/span><\/a><\/p>\n","protected":false},"author":1,"featured_media":0,"parent":0,"menu_order":0,"comment_status":"closed","ping_status":"closed","template":"","meta":{"footnotes":""},"class_list":["post-2901","page","type-page","status-publish","hentry"],"jetpack_sharing_enabled":true,"jetpack_shortlink":"https:\/\/wp.me\/PbG2VG-KN","jetpack-related-posts":[{"id":227,"url":"https:\/\/afraat.ca\/fr\/accountability-documents\/","url_meta":{"origin":2901,"position":0},"title":"Responsabilisation","author":"admin","date":"June 21, 2016","format":false,"excerpt":"Documents de responsabilisation en mati\u00e8re de gouvernance Rapports annuels Protocole d'entente Plan d'activit\u00e9s Divulgation publique des d\u00e9penses Documents de responsabilisation \u00e0 l\u2019\u00e9gard du public Code de conduite Politique en mati\u00e8re de consultation Plan d'\u00e9thique Mandat et Mission Cadre de responsabilisatin des membres Politique sur les normes de services Pour plus\u2026","rel":"","context":"Similar post","block_context":{"text":"Similar post","link":""},"img":{"alt_text":"","src":"","width":0,"height":0},"classes":[]},{"id":2000,"url":"https:\/\/afraat.ca\/fr\/accountability-documents\/rapport-annuel-2019-2020\/","url_meta":{"origin":2901,"position":1},"title":"RAPPORT ANNUEL 2019-2020","author":"admin","date":"March 2, 2022","format":false,"excerpt":"English Message du pr\u00e9sident Je suis heureux de vous pr\u00e9senter le rapport annuel du Tribunal d\u2019appel de l\u2019agriculture, de l\u2019alimentation et des affaires rurales (le \u00ab\u00a0Tribunal\u00a0\u00bb) et de la Commission de n\u00e9gociation (la \u00ab\u00a0CN\u00a0\u00bb) pour l\u2019exercice prenant fin le 31\u00a0mars\u00a02020. Le rapport porte sur ce que le Tribunal a accompli\u2026","rel":"","context":"Similar post","block_context":{"text":"Similar post","link":""},"img":{"alt_text":"","src":"","width":0,"height":0},"classes":[]},{"id":2025,"url":"https:\/\/afraat.ca\/fr\/accountability-documents\/rapport-annuel-2020-21\/","url_meta":{"origin":2901,"position":2},"title":"RAPPORT ANNUEL 2020-21","author":"admin","date":"March 30, 2022","format":false,"excerpt":"English Table of Contents Message du pr\u00e9sident 3 LE TRIBUNAL D\u2019APPEL DE L\u2019AGRICULTURE, DE L\u2019ALIMENTATION ET DES AFFAIRES RURALES. 1 MANDAT DU TRIBUNAL.. 1 \u00c9NONC\u00c9 DE MISSION DU TRIBUNAL.. 1 VALEURS ET PRINCIPES DIRECTEURS. 1 Que peut-on porter en appel devant le Tribunal?. 2 Qui peut interjeter appel devant le\u2026","rel":"","context":"Similar post","block_context":{"text":"Similar post","link":""},"img":{"alt_text":"","src":"","width":0,"height":0},"classes":[]},{"id":2308,"url":"https:\/\/afraat.ca\/fr\/accountability-documents\/rapport-annuel-2022-2023\/","url_meta":{"origin":2901,"position":3},"title":"Rapport Annuel 2022-2023","author":"admin","date":"September 11, 2023","format":false,"excerpt":"English Message du pr\u00e9sident Je suis heureux de vous pr\u00e9senter le rapport annuel du Tribunal d\u2019appel de l\u2019agriculture, de l\u2019alimentation et des affaires rurales (le \u00ab\u00a0Tribunal\u00a0\u00bb) pour l\u2019exercice prenant fin le 31\u00a0mars 2023.\u00a0 Le rapport porte sur ce que le Tribunal a accompli durant l\u2019exercice. Le Tribunal joue le r\u00f4le\u2026","rel":"","context":"Similar post","block_context":{"text":"Similar post","link":""},"img":{"alt_text":"","src":"","width":0,"height":0},"classes":[]},{"id":2085,"url":"https:\/\/afraat.ca\/fr\/accountability-documents\/tribunal-dappel-de-lagriculture-de-lalimentation-et-des-affaires-rurales\/","url_meta":{"origin":2901,"position":4},"title":"RAPPORT ANNUEL 2021-2022","author":"admin","date":"September 23, 2022","format":false,"excerpt":"English Message du pr\u00e9sident Je suis heureux de vous pr\u00e9senter le rapport annuel du Tribunal d\u2019appel de l\u2019agriculture, de l\u2019alimentation et des affaires rurales (le \u00ab\u00a0Tribunal\u00a0\u00bb) pour l\u2019exercice prenant fin le 31 mars 2022.\u00a0 Le rapport porte sur ce que le Tribunal a accompli durant l\u2019exercice.\u00a0 Le Tribunal joue le\u2026","rel":"","context":"Similar post","block_context":{"text":"Similar post","link":""},"img":{"alt_text":"","src":"","width":0,"height":0},"classes":[]},{"id":2954,"url":"https:\/\/afraat.ca\/fr\/rapport-annuel-2023-2024\/","url_meta":{"origin":2901,"position":5},"title":"Rapport Annuel 2023-2024","author":"admin","date":"September 19, 2024","format":false,"excerpt":"Message du pr\u00e9sident Je suis heureux de vous pr\u00e9senter le rapport annuel du Tribunal d\u2019appel de l\u2019agriculture, de l\u2019alimentation et des affaires rurales (le \u00ab\u00a0Tribunal\u00a0\u00bb) pour l\u2019exercice prenant fin le 31\u00a0mars\u00a02024.\u00a0 Le rapport porte sur ce que le Tribunal a accompli durant l\u2019exercice.\u00a0 Au nom des membres du Tribunal, je\u2026","rel":"","context":"Similar post","block_context":{"text":"Similar post","link":""},"img":{"alt_text":"","src":"","width":0,"height":0},"classes":[]}],"_links":{"self":[{"href":"https:\/\/afraat.ca\/fr\/wp-json\/wp\/v2\/pages\/2901","targetHints":{"allow":["GET"]}}],"collection":[{"href":"https:\/\/afraat.ca\/fr\/wp-json\/wp\/v2\/pages"}],"about":[{"href":"https:\/\/afraat.ca\/fr\/wp-json\/wp\/v2\/types\/page"}],"author":[{"embeddable":true,"href":"https:\/\/afraat.ca\/fr\/wp-json\/wp\/v2\/users\/1"}],"replies":[{"embeddable":true,"href":"https:\/\/afraat.ca\/fr\/wp-json\/wp\/v2\/comments?post=2901"}],"version-history":[{"count":10,"href":"https:\/\/afraat.ca\/fr\/wp-json\/wp\/v2\/pages\/2901\/revisions"}],"predecessor-version":[{"id":3261,"href":"https:\/\/afraat.ca\/fr\/wp-json\/wp\/v2\/pages\/2901\/revisions\/3261"}],"wp:attachment":[{"href":"https:\/\/afraat.ca\/fr\/wp-json\/wp\/v2\/media?parent=2901"}],"curies":[{"name":"wp","href":"https:\/\/api.w.org\/{rel}","templated":true}]}}