{"id":334,"date":"2016-06-21T18:46:21","date_gmt":"2016-06-21T18:46:21","guid":{"rendered":"http:\/\/afraat.ca\/fr\/?page_id=334"},"modified":"2025-12-11T08:43:30","modified_gmt":"2025-12-11T13:43:30","slug":"feedback","status":"publish","type":"page","link":"https:\/\/afraat.ca\/fr\/feedback\/","title":{"rendered":"Commentaires"},"content":{"rendered":"<p><a href=\"https:\/\/afraat.ca\/feedback\/\">English<\/a><\/p>\n<p>Nous cherchons toujours \u00e0 am\u00e9liorer notre site Web et nous accueillerons avec plaisir vos observations et vos questions. Si vous d\u00e9sirez recevoir une r\u00e9ponse, veuillez fournir une adresse postale valide ou une adresse valide aux fins du courrier \u00e9lectronique, car la r\u00e9ponse vous parviendra sous l&#8217;une ou l&#8217;autre forme.<\/p>\n\n<div class=\"wpcf7 no-js\" id=\"wpcf7-f337-o1\" lang=\"en\" dir=\"ltr\">\n<div class=\"screen-reader-response\"><p role=\"status\" aria-live=\"polite\" aria-atomic=\"true\"><\/p> <ul><\/ul><\/div>\n<form action=\"\/fr\/wp-json\/wp\/v2\/pages\/334#wpcf7-f337-o1\" method=\"post\" class=\"wpcf7-form init\" aria-label=\"Contact form\" novalidate=\"novalidate\" data-status=\"init\">\n<div style=\"display: none;\">\n<input type=\"hidden\" name=\"_wpcf7\" value=\"337\" \/>\n<input type=\"hidden\" name=\"_wpcf7_version\" value=\"5.7.7\" \/>\n<input type=\"hidden\" name=\"_wpcf7_locale\" value=\"en\" \/>\n<input type=\"hidden\" name=\"_wpcf7_unit_tag\" value=\"wpcf7-f337-o1\" \/>\n<input type=\"hidden\" name=\"_wpcf7_container_post\" value=\"0\" \/>\n<input type=\"hidden\" name=\"_wpcf7_posted_data_hash\" value=\"\" \/>\n<\/div>\n<p><label>Votre nom (obligatoire)<br \/>\n<span class=\"wpcf7-form-control-wrap\" data-name=\"your-name\"><input size=\"40\" class=\"wpcf7-form-control wpcf7-text wpcf7-validates-as-required\" aria-required=\"true\" aria-invalid=\"false\" value=\"\" type=\"text\" name=\"your-name\" \/><\/span> <\/label>\n<\/p>\n<p><label>Votre addresse \u00e9lectronique (obligatoire)<br \/>\n<span class=\"wpcf7-form-control-wrap\" data-name=\"your-email\"><input size=\"40\" class=\"wpcf7-form-control wpcf7-text wpcf7-email wpcf7-validates-as-required wpcf7-validates-as-email\" aria-required=\"true\" aria-invalid=\"false\" value=\"\" type=\"email\" name=\"your-email\" \/><\/span> <\/label>\n<\/p>\n<p><label>Veuillez entrer vos commentaires ci-dessous (obligatoire)<br \/>\n<span class=\"wpcf7-form-control-wrap\" data-name=\"your-message\"><textarea cols=\"40\" rows=\"10\" class=\"wpcf7-form-control wpcf7-textarea wpcf7-validates-as-required\" aria-required=\"true\" aria-invalid=\"false\" name=\"your-message\"><\/textarea><\/span> <\/label>\n<\/p>\n<p><input class=\"wpcf7-form-control has-spinner wpcf7-submit\" type=\"submit\" value=\"Envoyez vos commentaires\" \/>\n<\/p><p style=\"display: none !important;\" class=\"akismet-fields-container\" data-prefix=\"_wpcf7_ak_\"><label>&#916;<textarea name=\"_wpcf7_ak_hp_textarea\" cols=\"45\" rows=\"8\" maxlength=\"100\"><\/textarea><\/label><input type=\"hidden\" id=\"ak_js_1\" name=\"_wpcf7_ak_js\" value=\"168\"\/><script>document.getElementById( \"ak_js_1\" ).setAttribute( \"value\", ( new Date() ).getTime() );<\/script><\/p><div class=\"wpcf7-response-output\" aria-hidden=\"true\"><\/div>\n<\/form>\n<\/div>\n\n<div class=\"row\">\n<p>Les renseignements personnels que vous nous transmettez nous permettront de r\u00e9pondre \u00e0 votre requ\u00eate et ne seront utilis\u00e9s qu&#8217;\u00e0 cette fin. Vos observations et suggestions sont recueillies par le Tribunal pour nous aider \u00e0 am\u00e9liorer nos services offerts au public. Pour toute question relative \u00e0 la collecte des renseignements personnels, veuillez communiquer avec la coordonnatrice des services d&#8217;affaires, direction des services d&#8217;affaires, 2<sup>e<\/sup> \u00e9tage N.-O. 1 Stone Road West, Guelph ON N1G 4Y2, 519 826 3822.<\/p>\n<p><center><b>Nous vous remercions pour vos commentaires.<\/b><\/center><\/div>\n<hr \/>\n<p>Pour plus de renseignements :<br \/>\nSans frais : 1 877-424-1300<br \/>\nLocal : 519 826-3433<br \/>\nCourriel : <a href=\"mailto:AFRAAT@ontario.ca\">AFRAAT@ontario.ca<\/a><\/p>\n<p>This page available in English<\/p>\n","protected":false},"excerpt":{"rendered":"<p>English Nous cherchons toujours \u00e0 am\u00e9liorer notre site Web et nous accueillerons avec plaisir vos observations et vos questions. Si vous d\u00e9sirez recevoir une r\u00e9ponse, veuillez fournir une adresse postale valide ou une adresse valide aux fins du courrier \u00e9lectronique,&#8230; <a href=\"https:\/\/afraat.ca\/fr\/feedback\/\" class=\"readmore\">Read more<span class=\"screen-reader-text\">Commentaires<\/span><span class=\"fa fa-angle-double-right\" aria-hidden=\"true\"><\/span><\/a><\/p>\n","protected":false},"author":1,"featured_media":0,"parent":0,"menu_order":0,"comment_status":"closed","ping_status":"closed","template":"","meta":{"footnotes":""},"class_list":["post-334","page","type-page","status-publish","hentry"],"jetpack_sharing_enabled":true,"jetpack_shortlink":"https:\/\/wp.me\/PbG2VG-5o","jetpack-related-posts":[{"id":1777,"url":"https:\/\/afraat.ca\/fr\/appeal-process\/preparation-de-votre-audition-2021\/","url_meta":{"origin":334,"position":0},"title":"Pr\u00e9paration de votre audition","author":"admin","date":"May 4, 2021","format":false,"excerpt":"English PDF Pr\u00e9paration de votre audition\u00a0 Table des mati\u00e8res Introduction....................................................................................................................3 R\u00f4le du personnel du Tribunal................................................................................3 Communications ouvertes.........................................................................................3 Proc\u00e9dure d\u2019audience..................................................................................................4 Comment le Tribunal rend ses d\u00e9cisions.............................................................6 Pr\u00e9parer sa cause..........................................................................................................6 Documents qui seront utilis\u00e9s \u00e0 l\u2019audience.........................................................7 Organisation de la documentation.........................................................................8 Preuve d\u2019expert..............................................................................................................8 Remise des documents au Tribunal.......................................................................8 Ajournements.................................................................................................................9 Assignation de t\u00e9moins.............................................................................................10 Avis\u2026","rel":"","context":"Similar post","block_context":{"text":"Similar post","link":""},"img":{"alt_text":"","src":"","width":0,"height":0},"classes":[]},{"id":252,"url":"https:\/\/afraat.ca\/fr\/accessibility\/tribunal-accessibility-policy\/","url_meta":{"origin":334,"position":1},"title":"Politiques, pratiques et proc\u00e9dures en mati\u00e8res d&#8217;accessibilit\u00e9 du tribunal d&#8217;appel","author":"admin","date":"June 21, 2016","format":false,"excerpt":"English Table des Matieres Contexte Section 1 - Services \u00e0 la client\u00e8le Politique sur la prestation de services aux personnes handicap\u00e9es Renseignements g\u00e9n\u00e9raux Installations Accessibilit\u00e9 des renseignements Utilisation d'appareils ou accessoires fonctionnels Recours \u00e0 un animal d'assistance ou \u00e0 une personne de soutien Animaux d'assistance Personnes de soutien 7.Avis de\u2026","rel":"","context":"Similar post","block_context":{"text":"Similar post","link":""},"img":{"alt_text":"","src":"","width":0,"height":0},"classes":[]},{"id":1094,"url":"https:\/\/afraat.ca\/fr\/appeal-process\/vue-densemble\/","url_meta":{"origin":334,"position":2},"title":"Vue d&#8217;ensemble","author":"admin","date":"January 17, 2019","format":false,"excerpt":"English Table des\u00a0mati\u00e8res Quels types d\u2019appels peuvent-ils \u00eatre instruits? Que se passe-t-il durant une audience du tribunal? Dois-je engager un avocat? O\u00f9 se d\u00e9roulent les audiences? Quels types d\u2019appels peuvent-ils \u00eatre instruits? 1. Loi sur le drainage La\u00a0Loi sur le drainage\u00a0a institu\u00e9 trois organismes aupr\u00e8s desquels le propri\u00e9taire d\u2019un bien-fonds\u2026","rel":"","context":"Similar post","block_context":{"text":"Similar post","link":""},"img":{"alt_text":"","src":"","width":0,"height":0},"classes":[]},{"id":2954,"url":"https:\/\/afraat.ca\/fr\/rapport-annuel-2023-2024\/","url_meta":{"origin":334,"position":3},"title":"Rapport Annuel 2023-2024","author":"admin","date":"September 19, 2024","format":false,"excerpt":"Message du pr\u00e9sident Je suis heureux de vous pr\u00e9senter le rapport annuel du Tribunal d\u2019appel de l\u2019agriculture, de l\u2019alimentation et des affaires rurales (le \u00ab\u00a0Tribunal\u00a0\u00bb) pour l\u2019exercice prenant fin le 31\u00a0mars\u00a02024.\u00a0 Le rapport porte sur ce que le Tribunal a accompli durant l\u2019exercice.\u00a0 Au nom des membres du Tribunal, je\u2026","rel":"","context":"Similar post","block_context":{"text":"Similar post","link":""},"img":{"alt_text":"","src":"","width":0,"height":0},"classes":[]},{"id":379,"url":"https:\/\/afraat.ca\/fr\/","url_meta":{"origin":334,"position":4},"title":"Accueil","author":"admin","date":"June 22, 2016","format":false,"excerpt":"English Changements \u00e0 venir \u2014 aucune interruption des services d\u00e9cisionnels actuels Dans le cadre de la Loi de 2026 visant \u00e0 prot\u00e9ger l\u2019autonomie alimentaire de l\u2019Ontario propos\u00e9e, l\u2019Ontario propose de fusionner deux organismes d\u00e9cisionnels distincts qui accomplissent des t\u00e2ches similaires \u2014 le Tribunal d\u2019appel de l\u2019agriculture, de l\u2019alimentation et des\u2026","rel":"","context":"Similar post","block_context":{"text":"Similar post","link":""},"img":{"alt_text":"","src":"","width":0,"height":0},"classes":[]},{"id":3119,"url":"https:\/\/afraat.ca\/fr\/rapport-annuel-2024-2025\/","url_meta":{"origin":334,"position":5},"title":"Rapport Annuel 2024-2025","author":"admin","date":"September 5, 2025","format":false,"excerpt":"\u00a0 TRIBUNAL D\u2019APPEL DE L\u2019AGRICULTURE, DE L\u2019ALIMENTATION ET DES AFFAIRES RURALES Rapport annuel 2024-2025 \u00a0 Message du pr\u00e9sident Je suis heureux de vous pr\u00e9senter le rapport annuel du Tribunal d\u2019appel de l\u2019agriculture, de l\u2019alimentation et des affaires rurales (le \u00ab\u00a0Tribunal\u00a0\u00bb) pour l\u2019exercice prenant fin le 31 mars 2025. Le rapport\u2026","rel":"","context":"Similar post","block_context":{"text":"Similar post","link":""},"img":{"alt_text":"","src":"","width":0,"height":0},"classes":[]}],"_links":{"self":[{"href":"https:\/\/afraat.ca\/fr\/wp-json\/wp\/v2\/pages\/334","targetHints":{"allow":["GET"]}}],"collection":[{"href":"https:\/\/afraat.ca\/fr\/wp-json\/wp\/v2\/pages"}],"about":[{"href":"https:\/\/afraat.ca\/fr\/wp-json\/wp\/v2\/types\/page"}],"author":[{"embeddable":true,"href":"https:\/\/afraat.ca\/fr\/wp-json\/wp\/v2\/users\/1"}],"replies":[{"embeddable":true,"href":"https:\/\/afraat.ca\/fr\/wp-json\/wp\/v2\/comments?post=334"}],"version-history":[{"count":9,"href":"https:\/\/afraat.ca\/fr\/wp-json\/wp\/v2\/pages\/334\/revisions"}],"predecessor-version":[{"id":3216,"href":"https:\/\/afraat.ca\/fr\/wp-json\/wp\/v2\/pages\/334\/revisions\/3216"}],"wp:attachment":[{"href":"https:\/\/afraat.ca\/fr\/wp-json\/wp\/v2\/media?parent=334"}],"curies":[{"name":"wp","href":"https:\/\/api.w.org\/{rel}","templated":true}]}}