{"id":447,"date":"2016-06-23T17:58:00","date_gmt":"2016-06-23T17:58:00","guid":{"rendered":"http:\/\/afraat.ca\/fr\/?page_id=447"},"modified":"2026-04-09T13:09:34","modified_gmt":"2026-04-09T17:09:34","slug":"business-plans","status":"publish","type":"page","link":"https:\/\/afraat.ca\/fr\/accountability-documents\/business-plans\/","title":{"rendered":"Plan d&#8217;activit\u00e9s"},"content":{"rendered":"<p><a href=\"https:\/\/afraat.ca\/accountability-documents\/business-plans\/\">English<\/a><\/p>\n<ul>\n<li><a href=\"https:\/\/afraat.ca\/fr\/accountability-documents\/business-plans\/plan-dactivites-2026-a-2029\/\">Plan d\u2019activit\u00e9s 2026-2029<\/a><\/li>\n<li><a href=\"https:\/\/afraat.ca\/fr\/accountability-documents\/business-plans\/plan-dactivites-2025-a-2028\/\">Plan d\u2019activit\u00e9s 2025-2028<\/a><\/li>\n<li><a href=\"https:\/\/afraat.ca\/fr\/accountability-documents\/business-plans\/plan-dactivites-2024-a-2027\/\">Plan d\u2019activit\u00e9s 2024-2027<\/a><\/li>\n<li><a href=\"https:\/\/afraat.ca\/fr\/accountability-documents\/plan-dactivities-2023-2026\/\">Plan d&#8217;activit\u00e9s 2023-2026<\/a><\/li>\n<li><a href=\"https:\/\/afraat.ca\/fr\/accountability-documents\/plan-dactivites-2022-2025\/\">Plan d&#8217;activit\u00e9s 2022-2025<\/a><\/li>\n<\/ul>\n<hr \/>\n<p>Pour plus de renseignements :<br \/>\nSans frais : 1 888 466-2372 poste 519 826-3433<br \/>\nLocal : 519 826-3433<br \/>\nCourriel : <a href=\"mailto:AFRAAT@ontario.ca\">AFRAAT@ontario.ca<\/a><\/p>\n<h6>This page is also available in English<\/h6>\n","protected":false},"excerpt":{"rendered":"<p>English Plan d\u2019activit\u00e9s 2026-2029 Plan d\u2019activit\u00e9s 2025-2028 Plan d\u2019activit\u00e9s 2024-2027 Plan d&#8217;activit\u00e9s 2023-2026 Plan d&#8217;activit\u00e9s 2022-2025 Pour plus de renseignements : Sans frais : 1 888 466-2372 poste 519 826-3433 Local : 519 826-3433 Courriel : AFRAAT@ontario.ca This page is&#8230; <a href=\"https:\/\/afraat.ca\/fr\/accountability-documents\/business-plans\/\" class=\"readmore\">Read more<span class=\"screen-reader-text\">Plan d&#8217;activit\u00e9s<\/span><span class=\"fa fa-angle-double-right\" aria-hidden=\"true\"><\/span><\/a><\/p>\n","protected":false},"author":1,"featured_media":0,"parent":227,"menu_order":0,"comment_status":"closed","ping_status":"closed","template":"","meta":{"footnotes":""},"class_list":["post-447","page","type-page","status-publish","hentry"],"jetpack_sharing_enabled":true,"jetpack_shortlink":"https:\/\/wp.me\/PbG2VG-7d","jetpack-related-posts":[{"id":227,"url":"https:\/\/afraat.ca\/fr\/accountability-documents\/","url_meta":{"origin":447,"position":0},"title":"Responsabilisation","author":"admin","date":"June 21, 2016","format":false,"excerpt":"Documents de responsabilisation en mati\u00e8re de gouvernance Rapports annuels Protocole d'entente Plan d'activit\u00e9s Divulgation publique des d\u00e9penses Documents de responsabilisation \u00e0 l\u2019\u00e9gard du public Code de conduite Politique en mati\u00e8re de consultation Plan d'\u00e9thique Mandat et Mission Cadre de responsabilisatin des membres Politique sur les normes de services Pour plus\u2026","rel":"","context":"Similar post","block_context":{"text":"Similar post","link":""},"img":{"alt_text":"","src":"","width":0,"height":0},"classes":[]},{"id":44,"url":"https:\/\/afraat.ca\/fr\/accountability-documents\/annual-reports\/","url_meta":{"origin":447,"position":1},"title":"Rapport Annuel","author":"admin","date":"June 20, 2016","format":false,"excerpt":"English Rapport Annuel 2024-2025 Rapport Annuel 2023-2024 Rapport Annuel 2022-2023 Rapport Annuel 2021-2022 Rapport Annuel 2020-2021 Rapport Annuel 2019-2020 Pour plus de renseignements : Sans frais : 1 888 466-2372 poste 519 826-3433 Local : 519 826-3433 Courriel : AFRAAT@ontario.ca This page is also available in English","rel":"","context":"Similar post","block_context":{"text":"Similar post","link":""},"img":{"alt_text":"","src":"","width":0,"height":0},"classes":[]},{"id":21,"url":"https:\/\/afraat.ca\/fr\/accountability-documents\/consultation-policy\/","url_meta":{"origin":447,"position":2},"title":"Politique en mati\u00e8re de consultation","author":"admin","date":"June 20, 2016","format":false,"excerpt":"English Lorsqu\u2019il envisage d\u2019apporter des changements importants \u00e0 ses r\u00e8gles ou politiques, le Tribunal d\u2019appel de l\u2019agriculture, de l\u2019alimentation et des affaires rurales - \u00a0Commission de n\u00e9gociation (le \u00ab Tribunal \u00bb) consulte les personnes ou les entit\u00e9s, ou les groupes de personnes ou d\u2019entit\u00e9s, dont les int\u00e9r\u00eats seront touch\u00e9s par\u2026","rel":"","context":"Similar post","block_context":{"text":"Similar post","link":""},"img":{"alt_text":"","src":"","width":0,"height":0},"classes":[]},{"id":248,"url":"https:\/\/afraat.ca\/fr\/accessibility\/","url_meta":{"origin":447,"position":3},"title":"Accessibilit\u00e9","author":"admin","date":"June 21, 2016","format":false,"excerpt":"English Liens Politiques, pratiques et proc\u00e9dures en mati\u00e8res d'accessibilit\u00e9 du tribunal d'appel Politiques en mati\u00e8res d'accessibilit\u00e9 du tribunal d'appel \u00a0 Pour plus de renseignements : Sans frais : 1 877-424-1300 Local : 519 826-3433 Courriel : AFRAAT@ontario.ca this page is available in English","rel":"","context":"Similar post","block_context":{"text":"Similar post","link":""},"img":{"alt_text":"","src":"","width":0,"height":0},"classes":[]},{"id":239,"url":"https:\/\/afraat.ca\/fr\/appeal-process\/","url_meta":{"origin":447,"position":4},"title":"Proc\u00e9dure d&#8217;appel","author":"admin","date":"June 21, 2016","format":false,"excerpt":"English Liens R\u00e8gles de Proc\u00e9dure D\u00e9cisions r\u00e9centes Pr\u00e9paratifs pour une audience devant le Tribunal d'appel Lois-en-ligne Pour plus de renseignements : Sans frais : 1 877-424-1300 Local : 519 826-3433 Courriel : AFRAAT@ontario.ca This page is also available in English","rel":"","context":"Similar post","block_context":{"text":"Similar post","link":""},"img":{"alt_text":"","src":"","width":0,"height":0},"classes":[]},{"id":450,"url":"https:\/\/afraat.ca\/fr\/about\/what-is-the-appeal-tribunal\/","url_meta":{"origin":447,"position":5},"title":"Ce qu\u2019est le Tribunal","author":"admin","date":"June 23, 2016","format":false,"excerpt":"English Table des mati\u00e8res Introduction Coordonn\u00e9es du tribunal d\u2019appel Soutien administratif 1.\u00a0Introduction Le Tribunal d\u2019appel de l\u2019agriculture, de l\u2019alimentation et des affaires rurales (tribunal) est un organisme d\u2019appel quasi judiciaire ind\u00e9pendant qui a pour fonction d\u2019instruire les appels concernant des questions en rapport avec l\u2019agriculture et l\u2019industrie alimentaire. Les membres\u2026","rel":"","context":"Similar post","block_context":{"text":"Similar post","link":""},"img":{"alt_text":"","src":"","width":0,"height":0},"classes":[]}],"_links":{"self":[{"href":"https:\/\/afraat.ca\/fr\/wp-json\/wp\/v2\/pages\/447","targetHints":{"allow":["GET"]}}],"collection":[{"href":"https:\/\/afraat.ca\/fr\/wp-json\/wp\/v2\/pages"}],"about":[{"href":"https:\/\/afraat.ca\/fr\/wp-json\/wp\/v2\/types\/page"}],"author":[{"embeddable":true,"href":"https:\/\/afraat.ca\/fr\/wp-json\/wp\/v2\/users\/1"}],"replies":[{"embeddable":true,"href":"https:\/\/afraat.ca\/fr\/wp-json\/wp\/v2\/comments?post=447"}],"version-history":[{"count":18,"href":"https:\/\/afraat.ca\/fr\/wp-json\/wp\/v2\/pages\/447\/revisions"}],"predecessor-version":[{"id":3288,"href":"https:\/\/afraat.ca\/fr\/wp-json\/wp\/v2\/pages\/447\/revisions\/3288"}],"up":[{"embeddable":true,"href":"https:\/\/afraat.ca\/fr\/wp-json\/wp\/v2\/pages\/227"}],"wp:attachment":[{"href":"https:\/\/afraat.ca\/fr\/wp-json\/wp\/v2\/media?parent=447"}],"curies":[{"name":"wp","href":"https:\/\/api.w.org\/{rel}","templated":true}]}}